{"id":2,"date":"2014-02-19T14:39:28","date_gmt":"2014-02-19T13:39:28","guid":{"rendered":"https:\/\/www.tillvaxtbohuslan.se\/attraktiv-kust\/?page_id=2"},"modified":"2014-09-09T15:49:16","modified_gmt":"2014-09-09T13:49:16","slug":"attraktiv-kust","status":"publish","type":"page","link":"https:\/\/www.tillvaxtbohuslan.se\/attraktiv-kust\/","title":{"rendered":"Attraktiv kust"},"content":{"rendered":"<p>Att skapa en l\u00e5ngsiktig l\u00f6sning f\u00f6r att bevara och utveckla natur- och milj\u00f6v\u00e4rden. Det var tanken med Attraktiv kust &#8211; en tillv\u00e4xtfaktor i norra Bohusl\u00e4n. B\u00e5de organisation och l\u00e5ngsiktig finansiering skulle presenteras genom en utredning.<\/p>\n<p><b>M\u00e5l<br \/>\n<\/b>M\u00e5let var en attraktiv och ren kustmilj\u00f6 som kan bidra till en h\u00e5llbar ekologisk, ekonomisk och social utveckling.<\/p>\n<p><b>Gemensam v\u00e4rdegrund<br \/>\n<\/b>Det g\u00e4llde att ta tillvara kunskap, ny samverkan och metodutveckling. Som utg\u00e5ngspunkt f\u00f6r utredningen anv\u00e4ndes den gemensamma v\u00e4rdegrunden som vi hade antagit i kustzonsprojektet, bes\u00f6ksn\u00e4ringsstrategin samt de nationella milj\u00f6kvalitetsm\u00e5len.<\/p>\n<p><b>Strategiska dokument som bas<br \/>\n<\/b>Detta innebar att en attraktiv kust definierades av redan f\u00e4rdiga strategiska dokument f\u00f6r norra Bohusl\u00e4n. P\u00e5 s\u00e5 vis kunde vi ocks\u00e5 f\u00e5 \u00f6nskv\u00e4rd kvalitet p\u00e5 natur- och milj\u00f6v\u00e5rd utifr\u00e5n beslutade dokument.<\/p>\n<p>De nationella milj\u00f6kvalitetsm\u00e5len utgjorde en referens f\u00f6r att s\u00e4kerst\u00e4lla att utredningens f\u00f6rslag bidrog till en ekologiskt h\u00e5llbar utveckling. Vi bed\u00f6mde att den ekonomiska och sociala utvecklingen var h\u00e5llbar utifr\u00e5n de antagna strategiska dokumenten.<\/p>\n<p><b>Forts\u00e4tter i Ren kust<br \/>\n<\/b>Erfarenheterna fr\u00e5n Attraktiv kust kommer nu till nytta i satsningen Ren kust.<\/p>\n","protected":false},"excerpt":{"rendered":"<p>Att skapa en l\u00e5ngsiktig l\u00f6sning f\u00f6r att bevara och utveckla natur- och milj\u00f6v\u00e4rden. Det var tanken med Attraktiv kust &#8211; en tillv\u00e4xtfaktor i norra Bohusl\u00e4n. B\u00e5de organisation och l\u00e5ngsiktig finansiering skulle presenteras genom en utredning. M\u00e5l M\u00e5let var en attraktiv &hellip; <a href=\"https:\/\/www.tillvaxtbohuslan.se\/attraktiv-kust\/\" title=\"Attraktiv kust\">Forts\u00e4tt l\u00e4sa <span class=\"meta-nav\"><i class=\"icon-long-arrow-right\"><\/i><\/span><\/a><\/p>\n","protected":false},"author":1,"featured_media":0,"parent":0,"menu_order":0,"comment_status":"closed","ping_status":"closed","template":"","meta":{"_acf_changed":false,"footnotes":""},"class_list":["post-2","page","type-page","status-publish","hentry"],"acf":[],"yoast_head":"<!-- This site is optimized with the Yoast SEO plugin v27.4 - https:\/\/yoast.com\/product\/yoast-seo-wordpress\/ -->\n<title>Attraktiv kust - Attraktiv kust<\/title>\n<meta name=\"robots\" content=\"index, follow, max-snippet:-1, max-image-preview:large, max-video-preview:-1\" \/>\n<link rel=\"canonical\" href=\"https:\/\/www.tillvaxtbohuslan.se\/attraktiv-kust\/\" \/>\n<meta name=\"twitter:label1\" content=\"Ber\u00e4knad l\u00e4stid\" \/>\n\t<meta name=\"twitter:data1\" content=\"1 minut\" \/>\n<script type=\"application\/ld+json\" class=\"yoast-schema-graph\">{\"@context\":\"https:\\\/\\\/schema.org\",\"@graph\":[{\"@type\":\"WebPage\",\"@id\":\"https:\\\/\\\/www.tillvaxtbohuslan.se\\\/attraktiv-kust\\\/\",\"url\":\"https:\\\/\\\/www.tillvaxtbohuslan.se\\\/attraktiv-kust\\\/\",\"name\":\"Attraktiv kust - Attraktiv kust\",\"isPartOf\":{\"@id\":\"https:\\\/\\\/www.tillvaxtbohuslan.se\\\/attraktiv-kust\\\/#website\"},\"datePublished\":\"2014-02-19T13:39:28+00:00\",\"dateModified\":\"2014-09-09T13:49:16+00:00\",\"breadcrumb\":{\"@id\":\"https:\\\/\\\/www.tillvaxtbohuslan.se\\\/attraktiv-kust\\\/#breadcrumb\"},\"inLanguage\":\"sv-SE\",\"potentialAction\":[{\"@type\":\"ReadAction\",\"target\":[\"https:\\\/\\\/www.tillvaxtbohuslan.se\\\/attraktiv-kust\\\/\"]}]},{\"@type\":\"BreadcrumbList\",\"@id\":\"https:\\\/\\\/www.tillvaxtbohuslan.se\\\/attraktiv-kust\\\/#breadcrumb\",\"itemListElement\":[{\"@type\":\"ListItem\",\"position\":1,\"name\":\"Hem\",\"item\":\"https:\\\/\\\/www.tillvaxtbohuslan.se\\\/attraktiv-kust\\\/\"},{\"@type\":\"ListItem\",\"position\":2,\"name\":\"Attraktiv kust\"}]},{\"@type\":\"WebSite\",\"@id\":\"https:\\\/\\\/www.tillvaxtbohuslan.se\\\/attraktiv-kust\\\/#website\",\"url\":\"https:\\\/\\\/www.tillvaxtbohuslan.se\\\/attraktiv-kust\\\/\",\"name\":\"Attraktiv kust\",\"description\":\"\",\"potentialAction\":[{\"@type\":\"SearchAction\",\"target\":{\"@type\":\"EntryPoint\",\"urlTemplate\":\"https:\\\/\\\/www.tillvaxtbohuslan.se\\\/attraktiv-kust\\\/?s={search_term_string}\"},\"query-input\":{\"@type\":\"PropertyValueSpecification\",\"valueRequired\":true,\"valueName\":\"search_term_string\"}}],\"inLanguage\":\"sv-SE\"}]}<\/script>\n<!-- \/ Yoast SEO plugin. -->","yoast_head_json":{"title":"Attraktiv kust - Attraktiv kust","robots":{"index":"index","follow":"follow","max-snippet":"max-snippet:-1","max-image-preview":"max-image-preview:large","max-video-preview":"max-video-preview:-1"},"canonical":"https:\/\/www.tillvaxtbohuslan.se\/attraktiv-kust\/","twitter_misc":{"Ber\u00e4knad l\u00e4stid":"1 minut"},"schema":{"@context":"https:\/\/schema.org","@graph":[{"@type":"WebPage","@id":"https:\/\/www.tillvaxtbohuslan.se\/attraktiv-kust\/","url":"https:\/\/www.tillvaxtbohuslan.se\/attraktiv-kust\/","name":"Attraktiv kust - Attraktiv kust","isPartOf":{"@id":"https:\/\/www.tillvaxtbohuslan.se\/attraktiv-kust\/#website"},"datePublished":"2014-02-19T13:39:28+00:00","dateModified":"2014-09-09T13:49:16+00:00","breadcrumb":{"@id":"https:\/\/www.tillvaxtbohuslan.se\/attraktiv-kust\/#breadcrumb"},"inLanguage":"sv-SE","potentialAction":[{"@type":"ReadAction","target":["https:\/\/www.tillvaxtbohuslan.se\/attraktiv-kust\/"]}]},{"@type":"BreadcrumbList","@id":"https:\/\/www.tillvaxtbohuslan.se\/attraktiv-kust\/#breadcrumb","itemListElement":[{"@type":"ListItem","position":1,"name":"Hem","item":"https:\/\/www.tillvaxtbohuslan.se\/attraktiv-kust\/"},{"@type":"ListItem","position":2,"name":"Attraktiv kust"}]},{"@type":"WebSite","@id":"https:\/\/www.tillvaxtbohuslan.se\/attraktiv-kust\/#website","url":"https:\/\/www.tillvaxtbohuslan.se\/attraktiv-kust\/","name":"Attraktiv kust","description":"","potentialAction":[{"@type":"SearchAction","target":{"@type":"EntryPoint","urlTemplate":"https:\/\/www.tillvaxtbohuslan.se\/attraktiv-kust\/?s={search_term_string}"},"query-input":{"@type":"PropertyValueSpecification","valueRequired":true,"valueName":"search_term_string"}}],"inLanguage":"sv-SE"}]}},"_links":{"self":[{"href":"https:\/\/www.tillvaxtbohuslan.se\/attraktiv-kust\/wp-json\/wp\/v2\/pages\/2","targetHints":{"allow":["GET"]}}],"collection":[{"href":"https:\/\/www.tillvaxtbohuslan.se\/attraktiv-kust\/wp-json\/wp\/v2\/pages"}],"about":[{"href":"https:\/\/www.tillvaxtbohuslan.se\/attraktiv-kust\/wp-json\/wp\/v2\/types\/page"}],"author":[{"embeddable":true,"href":"https:\/\/www.tillvaxtbohuslan.se\/attraktiv-kust\/wp-json\/wp\/v2\/users\/1"}],"replies":[{"embeddable":true,"href":"https:\/\/www.tillvaxtbohuslan.se\/attraktiv-kust\/wp-json\/wp\/v2\/comments?post=2"}],"version-history":[{"count":9,"href":"https:\/\/www.tillvaxtbohuslan.se\/attraktiv-kust\/wp-json\/wp\/v2\/pages\/2\/revisions"}],"predecessor-version":[{"id":198,"href":"https:\/\/www.tillvaxtbohuslan.se\/attraktiv-kust\/wp-json\/wp\/v2\/pages\/2\/revisions\/198"}],"wp:attachment":[{"href":"https:\/\/www.tillvaxtbohuslan.se\/attraktiv-kust\/wp-json\/wp\/v2\/media?parent=2"}],"curies":[{"name":"wp","href":"https:\/\/api.w.org\/{rel}","templated":true}]}}