{"id":17,"date":"2014-02-19T16:37:59","date_gmt":"2014-02-19T15:37:59","guid":{"rendered":"https:\/\/www.tillvaxtbohuslan.se\/attraktiv-kust\/?page_id=17"},"modified":"2014-09-09T15:49:16","modified_gmt":"2014-09-09T13:49:16","slug":"arkiv","status":"publish","type":"page","link":"https:\/\/www.tillvaxtbohuslan.se\/attraktiv-kust\/arkiv\/","title":{"rendered":"Arkiv"},"content":{"rendered":"<p>H\u00e4r finns samlade minnesanteckningar, rapporter, ans\u00f6kningar, mediaklipp, referat fr\u00e5n m\u00f6ten och andra aktiviteter med mera.<\/p>\n","protected":false},"excerpt":{"rendered":"<p>H\u00e4r finns samlade minnesanteckningar, rapporter, ans\u00f6kningar, mediaklipp, referat fr\u00e5n m\u00f6ten och andra aktiviteter med mera.<\/p>\n","protected":false},"author":1,"featured_media":0,"parent":0,"menu_order":0,"comment_status":"closed","ping_status":"open","template":"page-archive.php","meta":{"_acf_changed":false,"footnotes":""},"class_list":["post-17","page","type-page","status-publish","hentry"],"acf":[],"yoast_head":"<!-- This site is optimized with the Yoast SEO plugin v27.4 - https:\/\/yoast.com\/product\/yoast-seo-wordpress\/ -->\n<title>Arkiv - Attraktiv kust<\/title>\n<meta name=\"robots\" content=\"index, follow, max-snippet:-1, max-image-preview:large, max-video-preview:-1\" \/>\n<link rel=\"canonical\" href=\"https:\/\/www.tillvaxtbohuslan.se\/attraktiv-kust\/arkiv\/\" \/>\n<script type=\"application\/ld+json\" class=\"yoast-schema-graph\">{\"@context\":\"https:\\\/\\\/schema.org\",\"@graph\":[{\"@type\":\"WebPage\",\"@id\":\"https:\\\/\\\/www.tillvaxtbohuslan.se\\\/attraktiv-kust\\\/arkiv\\\/\",\"url\":\"https:\\\/\\\/www.tillvaxtbohuslan.se\\\/attraktiv-kust\\\/arkiv\\\/\",\"name\":\"Arkiv - Attraktiv kust\",\"isPartOf\":{\"@id\":\"https:\\\/\\\/www.tillvaxtbohuslan.se\\\/attraktiv-kust\\\/#website\"},\"datePublished\":\"2014-02-19T15:37:59+00:00\",\"dateModified\":\"2014-09-09T13:49:16+00:00\",\"breadcrumb\":{\"@id\":\"https:\\\/\\\/www.tillvaxtbohuslan.se\\\/attraktiv-kust\\\/arkiv\\\/#breadcrumb\"},\"inLanguage\":\"sv-SE\",\"potentialAction\":[{\"@type\":\"ReadAction\",\"target\":[\"https:\\\/\\\/www.tillvaxtbohuslan.se\\\/attraktiv-kust\\\/arkiv\\\/\"]}]},{\"@type\":\"BreadcrumbList\",\"@id\":\"https:\\\/\\\/www.tillvaxtbohuslan.se\\\/attraktiv-kust\\\/arkiv\\\/#breadcrumb\",\"itemListElement\":[{\"@type\":\"ListItem\",\"position\":1,\"name\":\"Hem\",\"item\":\"https:\\\/\\\/www.tillvaxtbohuslan.se\\\/attraktiv-kust\\\/\"},{\"@type\":\"ListItem\",\"position\":2,\"name\":\"Arkiv\"}]},{\"@type\":\"WebSite\",\"@id\":\"https:\\\/\\\/www.tillvaxtbohuslan.se\\\/attraktiv-kust\\\/#website\",\"url\":\"https:\\\/\\\/www.tillvaxtbohuslan.se\\\/attraktiv-kust\\\/\",\"name\":\"Attraktiv kust\",\"description\":\"\",\"potentialAction\":[{\"@type\":\"SearchAction\",\"target\":{\"@type\":\"EntryPoint\",\"urlTemplate\":\"https:\\\/\\\/www.tillvaxtbohuslan.se\\\/attraktiv-kust\\\/?s={search_term_string}\"},\"query-input\":{\"@type\":\"PropertyValueSpecification\",\"valueRequired\":true,\"valueName\":\"search_term_string\"}}],\"inLanguage\":\"sv-SE\"}]}<\/script>\n<!-- \/ Yoast SEO plugin. -->","yoast_head_json":{"title":"Arkiv - Attraktiv kust","robots":{"index":"index","follow":"follow","max-snippet":"max-snippet:-1","max-image-preview":"max-image-preview:large","max-video-preview":"max-video-preview:-1"},"canonical":"https:\/\/www.tillvaxtbohuslan.se\/attraktiv-kust\/arkiv\/","schema":{"@context":"https:\/\/schema.org","@graph":[{"@type":"WebPage","@id":"https:\/\/www.tillvaxtbohuslan.se\/attraktiv-kust\/arkiv\/","url":"https:\/\/www.tillvaxtbohuslan.se\/attraktiv-kust\/arkiv\/","name":"Arkiv - Attraktiv kust","isPartOf":{"@id":"https:\/\/www.tillvaxtbohuslan.se\/attraktiv-kust\/#website"},"datePublished":"2014-02-19T15:37:59+00:00","dateModified":"2014-09-09T13:49:16+00:00","breadcrumb":{"@id":"https:\/\/www.tillvaxtbohuslan.se\/attraktiv-kust\/arkiv\/#breadcrumb"},"inLanguage":"sv-SE","potentialAction":[{"@type":"ReadAction","target":["https:\/\/www.tillvaxtbohuslan.se\/attraktiv-kust\/arkiv\/"]}]},{"@type":"BreadcrumbList","@id":"https:\/\/www.tillvaxtbohuslan.se\/attraktiv-kust\/arkiv\/#breadcrumb","itemListElement":[{"@type":"ListItem","position":1,"name":"Hem","item":"https:\/\/www.tillvaxtbohuslan.se\/attraktiv-kust\/"},{"@type":"ListItem","position":2,"name":"Arkiv"}]},{"@type":"WebSite","@id":"https:\/\/www.tillvaxtbohuslan.se\/attraktiv-kust\/#website","url":"https:\/\/www.tillvaxtbohuslan.se\/attraktiv-kust\/","name":"Attraktiv kust","description":"","potentialAction":[{"@type":"SearchAction","target":{"@type":"EntryPoint","urlTemplate":"https:\/\/www.tillvaxtbohuslan.se\/attraktiv-kust\/?s={search_term_string}"},"query-input":{"@type":"PropertyValueSpecification","valueRequired":true,"valueName":"search_term_string"}}],"inLanguage":"sv-SE"}]}},"_links":{"self":[{"href":"https:\/\/www.tillvaxtbohuslan.se\/attraktiv-kust\/wp-json\/wp\/v2\/pages\/17","targetHints":{"allow":["GET"]}}],"collection":[{"href":"https:\/\/www.tillvaxtbohuslan.se\/attraktiv-kust\/wp-json\/wp\/v2\/pages"}],"about":[{"href":"https:\/\/www.tillvaxtbohuslan.se\/attraktiv-kust\/wp-json\/wp\/v2\/types\/page"}],"author":[{"embeddable":true,"href":"https:\/\/www.tillvaxtbohuslan.se\/attraktiv-kust\/wp-json\/wp\/v2\/users\/1"}],"replies":[{"embeddable":true,"href":"https:\/\/www.tillvaxtbohuslan.se\/attraktiv-kust\/wp-json\/wp\/v2\/comments?post=17"}],"version-history":[{"count":24,"href":"https:\/\/www.tillvaxtbohuslan.se\/attraktiv-kust\/wp-json\/wp\/v2\/pages\/17\/revisions"}],"predecessor-version":[{"id":202,"href":"https:\/\/www.tillvaxtbohuslan.se\/attraktiv-kust\/wp-json\/wp\/v2\/pages\/17\/revisions\/202"}],"wp:attachment":[{"href":"https:\/\/www.tillvaxtbohuslan.se\/attraktiv-kust\/wp-json\/wp\/v2\/media?parent=17"}],"curies":[{"name":"wp","href":"https:\/\/api.w.org\/{rel}","templated":true}]}}