{"id":13,"date":"2014-02-19T16:37:39","date_gmt":"2014-02-19T15:37:39","guid":{"rendered":"https:\/\/www.tillvaxtbohuslan.se\/attraktiv-kust\/?page_id=13"},"modified":"2014-09-09T15:49:16","modified_gmt":"2014-09-09T13:49:16","slug":"projektbeskrivning","status":"publish","type":"page","link":"https:\/\/www.tillvaxtbohuslan.se\/attraktiv-kust\/projektbeskrivning\/","title":{"rendered":"Om satsningen"},"content":{"rendered":"<p>Kommunerna Lysekil, Munkedal, Soten\u00e4s, Str\u00f6mstad och Tanum har via tidigare samarbetsprojekt lyft fram turismen som en av de viktigaste tillv\u00e4xtfaktorerna f\u00f6r norra Bohusl\u00e4n.<\/p>\n<p>Det \u00e4r framf\u00f6rallt de stora och unika natur- och kulturv\u00e4rdena som g\u00f6r kusten till ett attraktivt m\u00e5l f\u00f6r m\u00e5nga turister. Dessa stora v\u00e4rden m\u00e5ste bevaras och skyddas s\u00e5 att de finns kvar f\u00f6r kommande generationer. Kusten i norra Bohusl\u00e4n \u00e4r mycket h\u00e5rt drabbad av skr\u00e4p och olja som sk\u00f6ljs upp p\u00e5 str\u00e4nderna. F\u00f6r de\/den som s\u00f6ker sig till kusten och sk\u00e4rg\u00e5rden f\u00f6r b\u00e5tliv, bad, promenader och andra aktiviteter \u00e4r det viktigt att inte m\u00f6tas av str\u00e4nder f\u00f6rorenade av skr\u00e4p och olja.<\/p>\n<p>Kostnaderna f\u00f6r att h\u00e5lla kusten ren \u00e4r mycket h\u00f6ga s\u00e5 d\u00e4rf\u00f6r m\u00e5ste fr\u00e5gan om strandst\u00e4dningen i Bohusl\u00e4n hanteras i ett bredare perspektiv. Detta projekt ska utarbeta ett f\u00f6rslag f\u00f6r en h\u00e5llbar l\u00f6sning och utveckling s\u00e5 att man b\u00e4st m\u00f6jligt samordnar, utvecklar och finansierar de tj\u00e4nster som beh\u00f6vs f\u00f6r en attraktiv och levande kust och sk\u00e4rg\u00e5rd i norra Bohusl\u00e4n. P\u00e5 s\u00e5 s\u00e4tt \u00e4r det m\u00f6jligt att gynna b\u00e5de naturv\u00e5rd och turism.<\/p>\n<p><strong>Projektbeskrivning<br \/>\n<\/strong>En regional arbetsgrupp har bildats som best\u00e5r av representanter f\u00f6r L\u00e4nsstyrelsen, V\u00e4stkuststiftelsen, V\u00e4stsvenska Turistr\u00e5det, V\u00e4stra G\u00f6talandsregionen och de fem kommunerna.<\/p>\n<div id=\"svid12_1c91d39013a541f47521ac3\">\n<div>\n<p>Gruppen har gjort en kartl\u00e4ggning av hur natur- och milj\u00f6v\u00e5rden \u00e4r organiserad i kommunerna och inom V\u00e4stkuststiftelsen. Man har ocks\u00e5 studerat alternativa organisationsformer och kommer att arbeta vidare med olika ideer och f\u00f6rslag till f\u00f6r\u00e4ndringar i finansiering och organisation f\u00f6r att hitta en idealisk l\u00f6sning p\u00e5 hanteringen av nedskr\u00e4pningen.<\/p>\n<p>Det har ocks\u00e5 bildats en operativ grupp som best\u00e5r av Roland Olin fr\u00e5n V\u00e4stkuststiftelsen och ansvariga f\u00f6r natur och milj\u00f6v\u00e5rd i de fem kommunerna. Denna grupp jobbar med att p\u00e5 b\u00e4sta m\u00f6jliga s\u00e4tt organisera st\u00e4dningen av kusten och hantera skr\u00e4pet s\u00e5 bra som m\u00f6jligt ur ekologisk synpunkt<\/p>\n<p><strong>Projektverksamhet<\/strong><br \/>\nEn regional arbetsgrupp har bildats som best\u00e5r av representanter f\u00f6r L\u00e4nsstyrelsen, V\u00e4stkuststiftelsen, V\u00e4stsvenska Turistr\u00e5det, V\u00e4stra G\u00f6talandsregionen och de fem kommunerna.<\/p>\n<p>Gruppen har gjort en kartl\u00e4ggning av hur natur- och milj\u00f6v\u00e5rden \u00e4r organiserad i kommunerna och inom V\u00e4stkuststiftelsen. Man har ocks\u00e5 studerat alternativa organisationsformer och kommer att arbeta vidare med olika ideer och f\u00f6rslag till f\u00f6r\u00e4ndringar i finansiering och organisation f\u00f6r att hitta en idealisk l\u00f6sning p\u00e5 hanteringen av nedskr\u00e4pningen.<\/p>\n<p>Det har ocks\u00e5 bildats en operativ grupp som best\u00e5r av Roland Olin fr\u00e5n V\u00e4stkuststiftelsen och ansvariga f\u00f6r natur och milj\u00f6v\u00e5rd i de fem kommunerna. Denna grupp jobbar med att p\u00e5 b\u00e4sta m\u00f6jliga s\u00e4tt organisera st\u00e4dningen av kusten och hantera skr\u00e4pet s\u00e5 bra som m\u00f6jligt ur ekologisk synpunkt.<\/p>\n<p>&nbsp;<\/p>\n<\/div>\n<\/div>\n","protected":false},"excerpt":{"rendered":"<p>Kommunerna Lysekil, Munkedal, Soten\u00e4s, Str\u00f6mstad och Tanum har via tidigare samarbetsprojekt lyft fram turismen som en av de viktigaste tillv\u00e4xtfaktorerna f\u00f6r norra Bohusl\u00e4n. Det \u00e4r framf\u00f6rallt de stora och unika natur- och kulturv\u00e4rdena som g\u00f6r kusten till ett attraktivt m\u00e5l &hellip; <a href=\"https:\/\/www.tillvaxtbohuslan.se\/attraktiv-kust\/projektbeskrivning\/\" title=\"Om satsningen\">Forts\u00e4tt l\u00e4sa <span class=\"meta-nav\"><i class=\"icon-long-arrow-right\"><\/i><\/span><\/a><\/p>\n","protected":false},"author":1,"featured_media":0,"parent":0,"menu_order":0,"comment_status":"closed","ping_status":"open","template":"","meta":{"_acf_changed":false,"footnotes":""},"class_list":["post-13","page","type-page","status-publish","hentry"],"acf":[],"yoast_head":"<!-- This site is optimized with the Yoast SEO plugin v27.4 - https:\/\/yoast.com\/product\/yoast-seo-wordpress\/ -->\n<title>Om satsningen - Attraktiv kust<\/title>\n<meta name=\"robots\" content=\"index, follow, max-snippet:-1, max-image-preview:large, max-video-preview:-1\" \/>\n<link rel=\"canonical\" href=\"https:\/\/www.tillvaxtbohuslan.se\/attraktiv-kust\/projektbeskrivning\/\" \/>\n<meta name=\"twitter:label1\" content=\"Ber\u00e4knad l\u00e4stid\" \/>\n\t<meta name=\"twitter:data1\" content=\"3 minuter\" \/>\n<script type=\"application\/ld+json\" class=\"yoast-schema-graph\">{\"@context\":\"https:\\\/\\\/schema.org\",\"@graph\":[{\"@type\":\"WebPage\",\"@id\":\"https:\\\/\\\/www.tillvaxtbohuslan.se\\\/attraktiv-kust\\\/projektbeskrivning\\\/\",\"url\":\"https:\\\/\\\/www.tillvaxtbohuslan.se\\\/attraktiv-kust\\\/projektbeskrivning\\\/\",\"name\":\"Om satsningen - Attraktiv kust\",\"isPartOf\":{\"@id\":\"https:\\\/\\\/www.tillvaxtbohuslan.se\\\/attraktiv-kust\\\/#website\"},\"datePublished\":\"2014-02-19T15:37:39+00:00\",\"dateModified\":\"2014-09-09T13:49:16+00:00\",\"breadcrumb\":{\"@id\":\"https:\\\/\\\/www.tillvaxtbohuslan.se\\\/attraktiv-kust\\\/projektbeskrivning\\\/#breadcrumb\"},\"inLanguage\":\"sv-SE\",\"potentialAction\":[{\"@type\":\"ReadAction\",\"target\":[\"https:\\\/\\\/www.tillvaxtbohuslan.se\\\/attraktiv-kust\\\/projektbeskrivning\\\/\"]}]},{\"@type\":\"BreadcrumbList\",\"@id\":\"https:\\\/\\\/www.tillvaxtbohuslan.se\\\/attraktiv-kust\\\/projektbeskrivning\\\/#breadcrumb\",\"itemListElement\":[{\"@type\":\"ListItem\",\"position\":1,\"name\":\"Hem\",\"item\":\"https:\\\/\\\/www.tillvaxtbohuslan.se\\\/attraktiv-kust\\\/\"},{\"@type\":\"ListItem\",\"position\":2,\"name\":\"Om satsningen\"}]},{\"@type\":\"WebSite\",\"@id\":\"https:\\\/\\\/www.tillvaxtbohuslan.se\\\/attraktiv-kust\\\/#website\",\"url\":\"https:\\\/\\\/www.tillvaxtbohuslan.se\\\/attraktiv-kust\\\/\",\"name\":\"Attraktiv kust\",\"description\":\"\",\"potentialAction\":[{\"@type\":\"SearchAction\",\"target\":{\"@type\":\"EntryPoint\",\"urlTemplate\":\"https:\\\/\\\/www.tillvaxtbohuslan.se\\\/attraktiv-kust\\\/?s={search_term_string}\"},\"query-input\":{\"@type\":\"PropertyValueSpecification\",\"valueRequired\":true,\"valueName\":\"search_term_string\"}}],\"inLanguage\":\"sv-SE\"}]}<\/script>\n<!-- \/ Yoast SEO plugin. -->","yoast_head_json":{"title":"Om satsningen - Attraktiv kust","robots":{"index":"index","follow":"follow","max-snippet":"max-snippet:-1","max-image-preview":"max-image-preview:large","max-video-preview":"max-video-preview:-1"},"canonical":"https:\/\/www.tillvaxtbohuslan.se\/attraktiv-kust\/projektbeskrivning\/","twitter_misc":{"Ber\u00e4knad l\u00e4stid":"3 minuter"},"schema":{"@context":"https:\/\/schema.org","@graph":[{"@type":"WebPage","@id":"https:\/\/www.tillvaxtbohuslan.se\/attraktiv-kust\/projektbeskrivning\/","url":"https:\/\/www.tillvaxtbohuslan.se\/attraktiv-kust\/projektbeskrivning\/","name":"Om satsningen - Attraktiv kust","isPartOf":{"@id":"https:\/\/www.tillvaxtbohuslan.se\/attraktiv-kust\/#website"},"datePublished":"2014-02-19T15:37:39+00:00","dateModified":"2014-09-09T13:49:16+00:00","breadcrumb":{"@id":"https:\/\/www.tillvaxtbohuslan.se\/attraktiv-kust\/projektbeskrivning\/#breadcrumb"},"inLanguage":"sv-SE","potentialAction":[{"@type":"ReadAction","target":["https:\/\/www.tillvaxtbohuslan.se\/attraktiv-kust\/projektbeskrivning\/"]}]},{"@type":"BreadcrumbList","@id":"https:\/\/www.tillvaxtbohuslan.se\/attraktiv-kust\/projektbeskrivning\/#breadcrumb","itemListElement":[{"@type":"ListItem","position":1,"name":"Hem","item":"https:\/\/www.tillvaxtbohuslan.se\/attraktiv-kust\/"},{"@type":"ListItem","position":2,"name":"Om satsningen"}]},{"@type":"WebSite","@id":"https:\/\/www.tillvaxtbohuslan.se\/attraktiv-kust\/#website","url":"https:\/\/www.tillvaxtbohuslan.se\/attraktiv-kust\/","name":"Attraktiv kust","description":"","potentialAction":[{"@type":"SearchAction","target":{"@type":"EntryPoint","urlTemplate":"https:\/\/www.tillvaxtbohuslan.se\/attraktiv-kust\/?s={search_term_string}"},"query-input":{"@type":"PropertyValueSpecification","valueRequired":true,"valueName":"search_term_string"}}],"inLanguage":"sv-SE"}]}},"_links":{"self":[{"href":"https:\/\/www.tillvaxtbohuslan.se\/attraktiv-kust\/wp-json\/wp\/v2\/pages\/13","targetHints":{"allow":["GET"]}}],"collection":[{"href":"https:\/\/www.tillvaxtbohuslan.se\/attraktiv-kust\/wp-json\/wp\/v2\/pages"}],"about":[{"href":"https:\/\/www.tillvaxtbohuslan.se\/attraktiv-kust\/wp-json\/wp\/v2\/types\/page"}],"author":[{"embeddable":true,"href":"https:\/\/www.tillvaxtbohuslan.se\/attraktiv-kust\/wp-json\/wp\/v2\/users\/1"}],"replies":[{"embeddable":true,"href":"https:\/\/www.tillvaxtbohuslan.se\/attraktiv-kust\/wp-json\/wp\/v2\/comments?post=13"}],"version-history":[{"count":10,"href":"https:\/\/www.tillvaxtbohuslan.se\/attraktiv-kust\/wp-json\/wp\/v2\/pages\/13\/revisions"}],"predecessor-version":[{"id":195,"href":"https:\/\/www.tillvaxtbohuslan.se\/attraktiv-kust\/wp-json\/wp\/v2\/pages\/13\/revisions\/195"}],"wp:attachment":[{"href":"https:\/\/www.tillvaxtbohuslan.se\/attraktiv-kust\/wp-json\/wp\/v2\/media?parent=13"}],"curies":[{"name":"wp","href":"https:\/\/api.w.org\/{rel}","templated":true}]}}